{"id":9,"date":"2017-09-12T15:52:49","date_gmt":"2017-09-12T21:52:49","guid":{"rendered":"http:\/\/drameli.academs.mx\/?page_id=9"},"modified":"2017-09-12T15:52:49","modified_gmt":"2017-09-12T21:52:49","slug":"inicio","status":"publish","type":"page","link":"https:\/\/drameli.academs.mx\/","title":{"rendered":"Inicio"},"content":{"rendered":"<p>\u00a1Bienvenido a tu sitio! Esta es tu p\u00e1gina de inicio, que es la que la mayor\u00eda de visitantes ver\u00e1n cuando vengan a tu sitio por primera vez.<\/p>\n","protected":false},"excerpt":{"rendered":"<p>\u00a1Bienvenido a tu sitio! Esta es tu p\u00e1gina de inicio, que es la que la mayor\u00eda de visitantes ver\u00e1n cuando vengan a tu sitio por primera vez.<\/p>\n","protected":false},"author":1,"featured_media":0,"parent":0,"menu_order":0,"comment_status":"closed","ping_status":"closed","template":"home-page.php","meta":[],"_links":{"self":[{"href":"https:\/\/drameli.academs.mx\/index.php\/wp-json\/wp\/v2\/pages\/9"}],"collection":[{"href":"https:\/\/drameli.academs.mx\/index.php\/wp-json\/wp\/v2\/pages"}],"about":[{"href":"https:\/\/drameli.academs.mx\/index.php\/wp-json\/wp\/v2\/types\/page"}],"author":[{"embeddable":true,"href":"https:\/\/drameli.academs.mx\/index.php\/wp-json\/wp\/v2\/users\/1"}],"replies":[{"embeddable":true,"href":"https:\/\/drameli.academs.mx\/index.php\/wp-json\/wp\/v2\/comments?post=9"}],"version-history":[{"count":1,"href":"https:\/\/drameli.academs.mx\/index.php\/wp-json\/wp\/v2\/pages\/9\/revisions"}],"predecessor-version":[{"id":17,"href":"https:\/\/drameli.academs.mx\/index.php\/wp-json\/wp\/v2\/pages\/9\/revisions\/17"}],"wp:attachment":[{"href":"https:\/\/drameli.academs.mx\/index.php\/wp-json\/wp\/v2\/media?parent=9"}],"curies":[{"name":"wp","href":"https:\/\/api.w.org\/{rel}","templated":true}]}}