{"id":72,"date":"2017-09-16T14:55:16","date_gmt":"2017-09-16T20:55:16","guid":{"rendered":"http:\/\/drameli.academs.mx\/?page_id=72"},"modified":"2017-09-21T16:17:45","modified_gmt":"2017-09-21T22:17:45","slug":"enfermedades-y-dolor-de-encias","status":"publish","type":"page","link":"https:\/\/drameli.academs.mx\/index.php\/enfermedades-y-dolor-de-encias\/","title":{"rendered":"Enfermedades y dolor de enc\u00edas"},"content":{"rendered":"<p>Las enc\u00edas sanas son importantes porque le a\u00f1aden fuerza y salud al diente. Pero tambi\u00e9n\u00a0 contribuyen a la est\u00e9tica de la sonrisa. Un cepillado inadecuado puede provocar inflamaci\u00f3n y que las enc\u00edas sangren. Cuando las enc\u00edas tienen largo tiempo sin cuidado, se requiere la intervenci\u00f3n del dentista para mejorar su salud m\u00e1s r\u00e1pidamente.\u00a0 es conveniente una limpieza profesional para evitar problemas como Gingivitis, Periodontitis o hasta perdida de dientes.<\/p>\n<p>No descuides tus enc\u00edas.\u00a0 Son esenciales para la salud de tus dientes. \u00bfTienes alguna duda? Cont\u00e1ctanos.<br \/>\n<div style=\"display:none\" class=\"fm-form-container fm-theme2\"><div id=\"fm-pages2\" class=\"fm-pages wdform_page_navigation \" show_title=\"false\" show_numbers=\"true\" type=\"none\"><\/div><form name=\"form2\" action=\"\/index.php\/wp-json\/wp\/v2\/pages\/72\" method=\"post\" id=\"form2\" class=\"fm-form form2  \" enctype=\"multipart\/form-data\"><input type=\"hidden\" id=\"counter2\" value=\"14\" name=\"counter2\" \/><input type=\"hidden\" id=\"Itemid2\" value=\"\" name=\"Itemid2\" \/><input type=\"text\" class=\"fm-hide\" id=\"fm_bot_validation2\" value=\"\" name=\"fm_bot_validation2\" \/><input type=\"text\" class=\"fm-hide\" id=\"fm_empty_field_validation2\" value=\"\" name=\"fm_empty_field_validation2\" data-value=\"be719627de44e3e4b6e9aef709b59dfe\" \/><input type=\"hidden\" id=\"fm_form_nonce2\" name=\"fm_form_nonce2\" value=\"d94a9e77ed\" \/><input type=\"hidden\" name=\"_wp_http_referer\" value=\"\/index.php\/wp-json\/wp\/v2\/pages\/72\" \/><div class=\"fm-header-bg\"><div class=\"fm-header \"><div class=\"fm-header-text\">          <div class=\"fm-header-title\">            H\u00e1ganos una consulta o programe una cita          <\/div>          <div class=\"fm-header-description\">                      <\/div>        <\/div><\/div><\/div><div class=\"wdform-page-and-images\" style=\"display:table; border-top:0px solid black;\"><div class=\"wdform_page\" id=\"2form_view1\" page_title=\"Untitled page\" next_title=\"Next\" next_type=\"text\" next_class=\"wdform-page-button\" next_checkable=\"false\" previous_title=\"Previous\" previous_type=\"text\" previous_class=\"wdform-page-button\" previous_checkable=\"false\"><div class=\"wdform_section\"><div class=\"wdform_column \"><div class=\"wdform_row \" wdid=\"2\"><div type=\"type_name\" class=\"wdform-field wd-width-100 wd-flex wd-flex-column\"><div class=\"wdform-label-section wd-width-100  wd-flex-row\" style=\"max-width: 200px;\">    <label  for=\"wdform_2_element_first2\" class=\"wdform-label\">D\u00edganos su nombre:<\/label><span class=\"wdform-required\">*<\/span><\/div><div class=\"wdform-element-section wd-flex  wd-flex-row wd-width-100\" style=\"max-width: 180px;\"><div class=\"wd-flex wd-flex-column wd-width-50\"><input type=\"text\" class=\"wd-width-100\" id=\"wdform_2_element_first2\" name=\"wdform_2_element_first2\" value=\"\" title=\"\" placeholder=\"\"  \/><label class=\"mini_label\" for=\"wdform_2_element_first2\">Nombre<\/label><\/div><div class=\"wd-flex wd-flex-column wd-name-separator\"><\/div><div class=\"wd-flex wd-flex-column wd-width-50\"><input type=\"text\" class=\"wd-width-100\" id=\"wdform_2_element_last2\" name=\"wdform_2_element_last2\" value=\"\" title=\"\" placeholder=\"\"  \/><label class=\"mini_label\" for=\"wdform_2_element_last2\">Apellidos<\/label><\/div><\/div><\/div><\/div><div class=\"wdform_row \" wdid=\"3\"><div type=\"type_submitter_mail\" class=\"wdform-field wd-width-100 wd-flex wd-flex-column\"><div class=\"wdform-label-section wd-width-100  wd-flex-row\" style=\"max-width: 200px;\">    <label  for=\"wdform_3_element2\" class=\"wdform-label\">Correo electr\u00f3nico de contacto<\/label><span class=\"wdform-required\">*<\/span><\/div><div class=\"wdform-element-section wd-flex  wd-flex-row wd-width-100\" style=\"max-width: 360px;\"><input type=\"text\" class=\"wd-width-100\" id=\"wdform_3_element2\" name=\"wdform_3_element2\" value=\"\" title=\"\" placeholder=\"\"   onchange=\"wd_check_email('3', '2', 'This is not a valid email address.')\" \/><\/div><\/div><\/div><div class=\"wdform_row \" wdid=\"4\"><div type=\"type_phone\" class=\"wdform-field wd-width-100 wd-flex wd-flex-column\"><div class=\"wdform-label-section wd-width-100  wd-flex-row\" style=\"max-width: 100px;\">    <label  for=\"wdform_4_element_first2\" class=\"wdform-label\">Tel\u00e9fono fijo o celular si desea que lo contactemos <\/label><\/div><div class=\"wdform-element-section wd-flex  wd-flex-row wd-width-100\" style=\"max-width: 295px;\"><div class=\"wd-flex wd-flex-column wd-width-20\">                <input type=\"text\" class=\"wd-phone-first\" id=\"wdform_4_element_first2\" name=\"wdform_4_element_first2\" value=\"\" title=\"\" placeholder=\"\" >                <label for=\"wdform_4_element_first2\" class=\"mini_label wd-flex-column\">LADA<\/label>              <\/div>              <div>                <div class=\"wd-flex wd-flex-column \">&nbsp;-&nbsp;<\/div>              <\/div>              <div class=\"wd-flex wd-flex-column wd-width-80\">                <input type=\"text\" class=\"wd-flex-column wd-width-100\" id=\"wdform_4_element_last2\" name=\"wdform_4_element_last2\" value=\"\" title=\"\" placeholder=\"\"  \/>                <label for=\"wdform_4_element_last2\" class=\"wd-flex-column mini_label\">N\u00famero<\/label>              <\/div><\/div><\/div><\/div><div class=\"wdform_row \" wdid=\"8\"><div type=\"type_textarea\" class=\"wdform-field wd-width-100 wd-flex wd-flex-column\"><div class=\"wdform-label-section wd-width-100 \" style=\"max-width: 200px;\">    <label  for=\"wdform_8_element2\" class=\"wdform-label\">Su pregunta hacia nosotros\/ \u00bfDesea que lo contactemos para una cita?<\/label><\/div><div class=\"wdform-element-section wd-flex  wd-width-100\" style=\"max-width: 360px;\"><textarea class=\"wd-width-100\"                      id=\"wdform_8_element2\"                      name=\"wdform_8_element2\"                      placeholder=\"\"                      style=\"height: 100px;\"                      ><\/textarea><\/div><\/div><\/div><div class=\"wdform_row \" wdid=\"9\"><div type=\"type_send_copy\" class=\"wdform-field wd-width-100 wd-flex wd-flex-row\"><div class=\"wdform-element-section wd-flex  checkbox-div wd-flex-row-reverse wd-align-items-center wd-justify-content-right wd-width-70\" style=\"max-width: 300px;\"><input type=\"checkbox\"                             class=\"wd-flex-row\"                             id=\"wdform_9_element2\"                             name=\"wdform_9_element2\"                                                           \/><label class=\"wd-align-items-center wd-flex wd-flex-row-reverse\" for=\"wdform_9_element2\" class=\"wdform-label\"><span><\/span>Enviar copia del mensaje a mi correo<\/label><\/div><\/div><\/div><div class=\"wdform_row \" wdid=\"10\"><div type=\"type_arithmetic_captcha\" class=\"wdform-field wd-width-100 wd-flex wd-flex-column\"><div class=\"wdform-label-section wd-width-100  wd-flex-row wd-align-items-center\" style=\"max-width: 200px;\">    <label  for=\"wd_arithmetic_captcha_input2\" class=\"wdform-label\">Teclee la respuesta a la pregunta siguiente: <\/label><\/div><div class=\"wdform-element-section wd-flex  wd-flex-row wd-align-items-center wd-width-100\" ><img type=\"captcha\"                          operations_count=\"1\"                          operations=\"+, -, *, \/\"                          src=\"https:\/\/drameli.academs.mx\/wp-admin\/admin-ajax.php?action=formmakerwdmathcaptcha_fmc&nonce=c28edcf6f9&operations_count=1&operations=%2B%2C+-%2C+%2A%2C+%2F&i=2\"                          id=\"wd_arithmetic_captcha2\"                          class=\"arithmetic_captcha_img\"                           \/><div class=\"captcha_refresh\" id=\"_element_refresh2\" ><\/div><input type=\"text\"                              class=\"arithmetic_captcha_input\"                              id=\"wd_arithmetic_captcha_input2\"                              name=\"arithmetic_captcha_input\"                              onkeypress=\"return check_isnum(event)\"                              style=\"width: 60px;\"                               \/><\/div><\/div><\/div><div class=\"wdform_row \" wdid=\"11\"><div type=\"type_submit_reset\" class=\"wdform-field wd-width-100 wd-flex wd-flex-column\"><div class=\"wdform-element-section wd-flex  wd-flex-row wd-justify-content-right wd-width-100\" ><button  type=\"button\" class=\"button-submit\" onclick=\"fm_submit_form('2');\"  data-ajax=\"0\"><span class=\"fm-submit-loading spinner fm-ico-spinner\"><\/span>Enviar<\/button><button  type=\"button\" class=\"button-reset wd-hidden\" onclick=\"fm_reset_form(2);\" >Reiniciar<\/button><\/div><\/div><\/div><div class=\"wdform_row \" wdid=\"12\"><div type=\"type_editor\" class=\"wdform-field\"><p><span style=\"color: #990000; font-family: Arial, Helvetica, sans-serif; font-size: 15px; line-height: normal; background-color: #f4f4f4;\" data-mce-style=\"color: #990000; font-family: Arial, Helvetica, sans-serif; font-size: 15px; line-height: normal; background-color: #f4f4f4;\">* Indica campos requeridos<\/span><\/p><\/div><\/div><\/div><\/div><div class=\"wdform_footer\" style=\"width: 100%;\" valign=\"top\"><div style=\"width: 100%;\"><div style=\"width: 100%; display: table; padding-top:10px;\"><div style=\"display: table-row-group;\"><div id=\"2page_nav1\" style=\"display: table-row;\"><\/div><\/div><\/div><\/div><\/div><\/div><\/div><div class=\"wdform_preload\"><\/div><\/form><\/div><br \/>\n&nbsp;<\/p>\n","protected":false},"excerpt":{"rendered":"<p>Las enc\u00edas sanas son importantes porque le a\u00f1aden fuerza y salud al diente. Pero tambi\u00e9n\u00a0 contribuyen a la est\u00e9tica de la sonrisa. Un cepillado inadecuado puede provocar inflamaci\u00f3n y que las enc\u00edas sangren. Cuando las enc\u00edas tienen largo tiempo sin cuidado, se requiere la intervenci\u00f3n del dentista para mejorar su salud m\u00e1s r\u00e1pidamente.\u00a0 es conveniente<br \/><a class=\"btn-read-more\" href=\"https:\/\/drameli.academs.mx\/index.php\/enfermedades-y-dolor-de-encias\/\">Read More<\/a><\/p>\n","protected":false},"author":1,"featured_media":0,"parent":0,"menu_order":0,"comment_status":"closed","ping_status":"closed","template":"","meta":[],"_links":{"self":[{"href":"https:\/\/drameli.academs.mx\/index.php\/wp-json\/wp\/v2\/pages\/72"}],"collection":[{"href":"https:\/\/drameli.academs.mx\/index.php\/wp-json\/wp\/v2\/pages"}],"about":[{"href":"https:\/\/drameli.academs.mx\/index.php\/wp-json\/wp\/v2\/types\/page"}],"author":[{"embeddable":true,"href":"https:\/\/drameli.academs.mx\/index.php\/wp-json\/wp\/v2\/users\/1"}],"replies":[{"embeddable":true,"href":"https:\/\/drameli.academs.mx\/index.php\/wp-json\/wp\/v2\/comments?post=72"}],"version-history":[{"count":5,"href":"https:\/\/drameli.academs.mx\/index.php\/wp-json\/wp\/v2\/pages\/72\/revisions"}],"predecessor-version":[{"id":114,"href":"https:\/\/drameli.academs.mx\/index.php\/wp-json\/wp\/v2\/pages\/72\/revisions\/114"}],"wp:attachment":[{"href":"https:\/\/drameli.academs.mx\/index.php\/wp-json\/wp\/v2\/media?parent=72"}],"curies":[{"name":"wp","href":"https:\/\/api.w.org\/{rel}","templated":true}]}}